{"id":1003,"date":"2024-06-19T14:55:08","date_gmt":"2024-06-19T17:55:08","guid":{"rendered":"https:\/\/saitsa.com.ar\/?post_type=product&#038;p=1003"},"modified":"2024-08-27T13:03:09","modified_gmt":"2024-08-27T16:03:09","slug":"bl14-30d-rosca","status":"publish","type":"product","link":"https:\/\/saitsa.com.ar\/pt-br\/producto\/bl14-30d-rosca\/","title":{"rendered":"BL14-30D"},"content":{"rendered":"<p dir=\"ltr\" data-placeholder=\"Traducci\u00f3n\" aria-label=\"Texto traducido\" data-ved=\"2ahUKEwiHy5TbsuaGAxXhr5UCHe2nCV8Q3ewLegQIBRAU\"><strong>Concepto General<\/strong><\/p>\n<p id=\"tw-target-text\" class=\"tw-data-text tw-text-large tw-ta\" dir=\"ltr\" data-placeholder=\"Traducci\u00f3n\" aria-label=\"Texto traducido\" data-ved=\"2ahUKEwiHy5TbsuaGAxXhr5UCHe2nCV8Q3ewLegQIBRAU\"><span class=\"Y2IQFc\" lang=\"es\">En principio, el intercambiador de calor solbrazado (BPHE) est\u00e1 formado por un paquete de placas de canales corrugados entre las placas de cubierta delantera y trasera. <\/span><\/p>\n<p class=\"tw-data-text tw-text-large tw-ta\" dir=\"ltr\" data-placeholder=\"Traducci\u00f3n\" aria-label=\"Texto traducido\" data-ved=\"2ahUKEwiHy5TbsuaGAxXhr5UCHe2nCV8Q3ewLegQIBRAU\"><span class=\"Y2IQFc\" lang=\"es\">El intercambiador se componen de placas corrugadas, material de sellado, anillos ciegos y tapas de cubierta. <\/span><\/p>\n<p class=\"tw-data-text tw-text-large tw-ta\" dir=\"ltr\" data-placeholder=\"Traducci\u00f3n\" aria-label=\"Texto traducido\" data-ved=\"2ahUKEwiHy5TbsuaGAxXhr5UCHe2nCV8Q3ewLegQIBRAU\"><span class=\"Y2IQFc\" lang=\"es\">Durante el proceso de soldadura fuerte al vac\u00edo, una uni\u00f3n soldada se forma en cada punto de contacto entre dos placas. <\/span><\/p>\n<p class=\"tw-data-text tw-text-large tw-ta\" dir=\"ltr\" data-placeholder=\"Traducci\u00f3n\" aria-label=\"Texto traducido\" data-ved=\"2ahUKEwiHy5TbsuaGAxXhr5UCHe2nCV8Q3ewLegQIBRAU\"><span class=\"Y2IQFc\" lang=\"es\">El dise\u00f1o crea un intercambiador de calor que consta de dos circuitos separados. <\/span><\/p>\n<p class=\"tw-data-text tw-text-large tw-ta\" dir=\"ltr\" data-placeholder=\"Traducci\u00f3n\" aria-label=\"Texto traducido\" data-ved=\"2ahUKEwiHy5TbsuaGAxXhr5UCHe2nCV8Q3ewLegQIBRAU\"><span class=\"Y2IQFc\" lang=\"es\">Las opciones de dise\u00f1o del intercambiador de calor soldado son extenso. Hay diferentes patrones de placas disponibles para varios deberes y especificaciones de desempe\u00f1o. Puedes elegir un configuraci\u00f3n est\u00e1ndar BPHE, o una unidad dise\u00f1ada seg\u00fan sus propias necesidades espec\u00edficas. <\/span><\/p>\n<p class=\"tw-data-text tw-text-large tw-ta\" dir=\"ltr\" data-placeholder=\"Traducci\u00f3n\" aria-label=\"Texto traducido\" data-ved=\"2ahUKEwiHy5TbsuaGAxXhr5UCHe2nCV8Q3ewLegQIBRAU\"><span class=\"Y2IQFc\" lang=\"es\">La decisi\u00f3n es completamente tuya. <\/span><\/p>\n<p class=\"tw-data-text tw-text-large tw-ta\" dir=\"ltr\" data-placeholder=\"Traducci\u00f3n\" aria-label=\"Texto traducido\" data-ved=\"2ahUKEwiHy5TbsuaGAxXhr5UCHe2nCV8Q3ewLegQIBRAU\"><span class=\"Y2IQFc\" lang=\"es\">Aplicaciones T\u00edpicas &#8211; Calefacci\u00f3n\/refrigeraci\u00f3n HVAC &#8211; Aplicaciones de refrigerantes &#8211; Refrigeraci\u00f3n\/calefacci\u00f3n industrial &#8211; Refrigeraci\u00f3n de aceite <\/span><\/p>\n<p class=\"tw-data-text tw-text-large tw-ta\" dir=\"ltr\" data-placeholder=\"Traducci\u00f3n\" aria-label=\"Texto traducido\" data-ved=\"2ahUKEwiHy5TbsuaGAxXhr5UCHe2nCV8Q3ewLegQIBRAU\"><strong><span class=\"Y2IQFc\" lang=\"es\">Principios de trabajo <\/span><\/strong><\/p>\n<p class=\"tw-data-text tw-text-large tw-ta\" dir=\"ltr\" data-placeholder=\"Traducci\u00f3n\" aria-label=\"Texto traducido\" data-ved=\"2ahUKEwiHy5TbsuaGAxXhr5UCHe2nCV8Q3ewLegQIBRAU\"><span class=\"Y2IQFc\" lang=\"es\">La superficie disipadora consta de finas placas de metal corrugado apiladas una encima de otra. Se forman canales entre las placas y los puertos de las esquinas est\u00e1n dispuestos de modo que los dos medios fluyan a trav\u00e9s de canales alternos, generalmente en contracorriente para lograr el proceso de transferencia de calor m\u00e1s eficiente. <\/span><\/p>\n<p class=\"tw-data-text tw-text-large tw-ta\" dir=\"ltr\" data-placeholder=\"Traducci\u00f3n\" aria-label=\"Texto traducido\" data-ved=\"2ahUKEwiHy5TbsuaGAxXhr5UCHe2nCV8Q3ewLegQIBRAU\"><strong><span class=\"Y2IQFc\" lang=\"es\">Dise\u00f1o est\u00e1ndar <\/span><\/strong><\/p>\n<p class=\"tw-data-text tw-text-large tw-ta\" dir=\"ltr\" data-placeholder=\"Traducci\u00f3n\" aria-label=\"Texto traducido\" data-ved=\"2ahUKEwiHy5TbsuaGAxXhr5UCHe2nCV8Q3ewLegQIBRAU\"><span class=\"Y2IQFc\" lang=\"es\">El paquete de placas est\u00e1 cubierto por placas de cubierta. Las conexiones est\u00e1n ubicadas en las tapas de cubierta delantera o trasera. Para mejorar el dise\u00f1o de transferencia de calor, las placas de los canales est\u00e1n corrugadas.<\/span><\/p>\n","protected":false},"excerpt":{"rendered":"<p>Conexiones Roscadas<br \/>\nAgua\/Agua &#8211; Agua\/Aceite &#8211;\u00a0 Aceite\/Aceite &#8211; Vapor\/Agua &#8211; Etc.<br \/>\nCAPACIDAD 5 KW ~ 7.5 KW (4.500 Kcal\/h ~ 6.500 Kcal\/h)<\/p>\n<p>CONEXIONES 4 x 3\/4&#8243; Rosca Macho<\/p>\n<p>&#8221; APTO PARA TODOS LOS REFRIGERANTES, EXCEPTO R-410A Y R-717 (AMON\u00cdACO)&#8221;<\/p>\n","protected":false},"featured_media":2026,"comment_status":"closed","ping_status":"closed","template":"","meta":{"_acf_changed":false,"_et_pb_use_builder":"","_et_pb_old_content":"","_et_gb_content_width":""},"product_brand":[],"product_cat":[50,34,31,24,25],"product_tag":[71,73,44,72],"class_list":{"0":"post-1003","1":"product","2":"type-product","3":"status-publish","4":"has-post-thumbnail","6":"product_cat-agua","7":"product_cat-climatizacion-de-piscinas","8":"product_cat-economizadores","9":"product_cat-intercambiadores-de-calor","10":"product_cat-solbrazados","11":"product_tag-calentador","12":"product_tag-climatizacion-de-piscinas","13":"product_tag-intercambiador-de-calor","14":"product_tag-piletas","16":"first","17":"instock","18":"shipping-taxable","19":"purchasable","20":"product-type-simple"},"acf":[],"yoast_head":"<!-- This site is optimized with the Yoast SEO plugin v25.8 - https:\/\/yoast.com\/wordpress\/plugins\/seo\/ -->\n<title>BL14-30D Intercambiador de Calor a Placas, Agua Aceite<\/title>\n<meta name=\"description\" content=\"Intercambiador de Calor a Placas, Evaporador a Placas, Condensador a Placas, BPHE, Enfriador de Agua, Enfriador de Aceite, Vapor, Enfriador de Mosto,\" \/>\n<meta name=\"robots\" content=\"index, follow, max-snippet:-1, max-image-preview:large, max-video-preview:-1\" \/>\n<link rel=\"canonical\" href=\"https:\/\/saitsa.com.ar\/pt-br\/producto\/bl14-30d-rosca\/\" \/>\n<meta property=\"og:locale\" content=\"pt_BR\" \/>\n<meta property=\"og:type\" content=\"article\" \/>\n<meta property=\"og:title\" content=\"BL14-30D Intercambiador de Calor a Placas, Agua Aceite\" \/>\n<meta property=\"og:description\" content=\"Intercambiador de Calor a Placas, Evaporador a Placas, Condensador a Placas, BPHE, Enfriador de Agua, Enfriador de Aceite, Vapor, Enfriador de Mosto,\" \/>\n<meta property=\"og:url\" content=\"https:\/\/saitsa.com.ar\/pt-br\/producto\/bl14-30d-rosca\/\" \/>\n<meta property=\"og:site_name\" content=\"Saitsa\" \/>\n<meta property=\"article:modified_time\" content=\"2024-08-27T16:03:09+00:00\" \/>\n<meta property=\"og:image\" content=\"https:\/\/saitsa.com.ar\/wp-content\/uploads\/2024\/06\/IMG_3827.jpeg\" \/>\n\t<meta property=\"og:image:width\" content=\"851\" \/>\n\t<meta property=\"og:image:height\" content=\"1658\" \/>\n\t<meta property=\"og:image:type\" content=\"image\/jpeg\" \/>\n<meta name=\"twitter:card\" content=\"summary_large_image\" \/>\n<meta name=\"twitter:label1\" content=\"Est. tempo de leitura\" \/>\n\t<meta name=\"twitter:data1\" content=\"2 minutos\" \/>\n<script type=\"application\/ld+json\" class=\"yoast-schema-graph\">{\"@context\":\"https:\/\/schema.org\",\"@graph\":[{\"@type\":\"WebPage\",\"@id\":\"https:\/\/saitsa.com.ar\/pt-br\/producto\/bl14-30d-rosca\/\",\"url\":\"https:\/\/saitsa.com.ar\/pt-br\/producto\/bl14-30d-rosca\/\",\"name\":\"BL14-30D Intercambiador de Calor a Placas, Agua Aceite\",\"isPartOf\":{\"@id\":\"https:\/\/saitsa.com.ar\/pt-br\/#website\"},\"primaryImageOfPage\":{\"@id\":\"https:\/\/saitsa.com.ar\/pt-br\/producto\/bl14-30d-rosca\/#primaryimage\"},\"image\":{\"@id\":\"https:\/\/saitsa.com.ar\/pt-br\/producto\/bl14-30d-rosca\/#primaryimage\"},\"thumbnailUrl\":\"https:\/\/saitsa.com.ar\/wp-content\/uploads\/2024\/06\/IMG_3827.jpeg\",\"datePublished\":\"2024-06-19T17:55:08+00:00\",\"dateModified\":\"2024-08-27T16:03:09+00:00\",\"description\":\"Intercambiador de Calor a Placas, Evaporador a Placas, Condensador a Placas, BPHE, Enfriador de Agua, Enfriador de Aceite, Vapor, Enfriador de Mosto,\",\"breadcrumb\":{\"@id\":\"https:\/\/saitsa.com.ar\/pt-br\/producto\/bl14-30d-rosca\/#breadcrumb\"},\"inLanguage\":\"pt-BR\",\"potentialAction\":[{\"@type\":\"ReadAction\",\"target\":[\"https:\/\/saitsa.com.ar\/pt-br\/producto\/bl14-30d-rosca\/\"]}]},{\"@type\":\"ImageObject\",\"inLanguage\":\"pt-BR\",\"@id\":\"https:\/\/saitsa.com.ar\/pt-br\/producto\/bl14-30d-rosca\/#primaryimage\",\"url\":\"https:\/\/saitsa.com.ar\/wp-content\/uploads\/2024\/06\/IMG_3827.jpeg\",\"contentUrl\":\"https:\/\/saitsa.com.ar\/wp-content\/uploads\/2024\/06\/IMG_3827.jpeg\",\"width\":851,\"height\":1658,\"caption\":\"BL14-30D\"},{\"@type\":\"BreadcrumbList\",\"@id\":\"https:\/\/saitsa.com.ar\/pt-br\/producto\/bl14-30d-rosca\/#breadcrumb\",\"itemListElement\":[{\"@type\":\"ListItem\",\"position\":1,\"name\":\"Portada\",\"item\":\"https:\/\/saitsa.com.ar\/pt-br\/\"},{\"@type\":\"ListItem\",\"position\":2,\"name\":\"Loja\",\"item\":\"https:\/\/saitsa.com.ar\/pt-br\/loja\/\"},{\"@type\":\"ListItem\",\"position\":3,\"name\":\"BL14-30D\"}]},{\"@type\":\"WebSite\",\"@id\":\"https:\/\/saitsa.com.ar\/pt-br\/#website\",\"url\":\"https:\/\/saitsa.com.ar\/pt-br\/\",\"name\":\"Saitsa\",\"description\":\"Sistemas Argentinos de intercambio T\u00e9rmico\",\"potentialAction\":[{\"@type\":\"SearchAction\",\"target\":{\"@type\":\"EntryPoint\",\"urlTemplate\":\"https:\/\/saitsa.com.ar\/pt-br\/?s={search_term_string}\"},\"query-input\":{\"@type\":\"PropertyValueSpecification\",\"valueRequired\":true,\"valueName\":\"search_term_string\"}}],\"inLanguage\":\"pt-BR\"}]}<\/script>\n<!-- \/ Yoast SEO plugin. -->","yoast_head_json":{"title":"BL14-30D Intercambiador de Calor a Placas, Agua Aceite","description":"Intercambiador de Calor a Placas, Evaporador a Placas, Condensador a Placas, BPHE, Enfriador de Agua, Enfriador de Aceite, Vapor, Enfriador de Mosto,","robots":{"index":"index","follow":"follow","max-snippet":"max-snippet:-1","max-image-preview":"max-image-preview:large","max-video-preview":"max-video-preview:-1"},"canonical":"https:\/\/saitsa.com.ar\/pt-br\/producto\/bl14-30d-rosca\/","og_locale":"pt_BR","og_type":"article","og_title":"BL14-30D Intercambiador de Calor a Placas, Agua Aceite","og_description":"Intercambiador de Calor a Placas, Evaporador a Placas, Condensador a Placas, BPHE, Enfriador de Agua, Enfriador de Aceite, Vapor, Enfriador de Mosto,","og_url":"https:\/\/saitsa.com.ar\/pt-br\/producto\/bl14-30d-rosca\/","og_site_name":"Saitsa","article_modified_time":"2024-08-27T16:03:09+00:00","og_image":[{"width":851,"height":1658,"url":"https:\/\/saitsa.com.ar\/wp-content\/uploads\/2024\/06\/IMG_3827.jpeg","type":"image\/jpeg"}],"twitter_card":"summary_large_image","twitter_misc":{"Est. tempo de leitura":"2 minutos"},"schema":{"@context":"https:\/\/schema.org","@graph":[{"@type":"WebPage","@id":"https:\/\/saitsa.com.ar\/pt-br\/producto\/bl14-30d-rosca\/","url":"https:\/\/saitsa.com.ar\/pt-br\/producto\/bl14-30d-rosca\/","name":"BL14-30D Intercambiador de Calor a Placas, Agua Aceite","isPartOf":{"@id":"https:\/\/saitsa.com.ar\/pt-br\/#website"},"primaryImageOfPage":{"@id":"https:\/\/saitsa.com.ar\/pt-br\/producto\/bl14-30d-rosca\/#primaryimage"},"image":{"@id":"https:\/\/saitsa.com.ar\/pt-br\/producto\/bl14-30d-rosca\/#primaryimage"},"thumbnailUrl":"https:\/\/saitsa.com.ar\/wp-content\/uploads\/2024\/06\/IMG_3827.jpeg","datePublished":"2024-06-19T17:55:08+00:00","dateModified":"2024-08-27T16:03:09+00:00","description":"Intercambiador de Calor a Placas, Evaporador a Placas, Condensador a Placas, BPHE, Enfriador de Agua, Enfriador de Aceite, Vapor, Enfriador de Mosto,","breadcrumb":{"@id":"https:\/\/saitsa.com.ar\/pt-br\/producto\/bl14-30d-rosca\/#breadcrumb"},"inLanguage":"pt-BR","potentialAction":[{"@type":"ReadAction","target":["https:\/\/saitsa.com.ar\/pt-br\/producto\/bl14-30d-rosca\/"]}]},{"@type":"ImageObject","inLanguage":"pt-BR","@id":"https:\/\/saitsa.com.ar\/pt-br\/producto\/bl14-30d-rosca\/#primaryimage","url":"https:\/\/saitsa.com.ar\/wp-content\/uploads\/2024\/06\/IMG_3827.jpeg","contentUrl":"https:\/\/saitsa.com.ar\/wp-content\/uploads\/2024\/06\/IMG_3827.jpeg","width":851,"height":1658,"caption":"BL14-30D"},{"@type":"BreadcrumbList","@id":"https:\/\/saitsa.com.ar\/pt-br\/producto\/bl14-30d-rosca\/#breadcrumb","itemListElement":[{"@type":"ListItem","position":1,"name":"Portada","item":"https:\/\/saitsa.com.ar\/pt-br\/"},{"@type":"ListItem","position":2,"name":"Loja","item":"https:\/\/saitsa.com.ar\/pt-br\/loja\/"},{"@type":"ListItem","position":3,"name":"BL14-30D"}]},{"@type":"WebSite","@id":"https:\/\/saitsa.com.ar\/pt-br\/#website","url":"https:\/\/saitsa.com.ar\/pt-br\/","name":"Saitsa","description":"Sistemas Argentinos de intercambio T\u00e9rmico","potentialAction":[{"@type":"SearchAction","target":{"@type":"EntryPoint","urlTemplate":"https:\/\/saitsa.com.ar\/pt-br\/?s={search_term_string}"},"query-input":{"@type":"PropertyValueSpecification","valueRequired":true,"valueName":"search_term_string"}}],"inLanguage":"pt-BR"}]}},"_links":{"self":[{"href":"https:\/\/saitsa.com.ar\/pt-br\/wp-json\/wp\/v2\/product\/1003","targetHints":{"allow":["GET"]}}],"collection":[{"href":"https:\/\/saitsa.com.ar\/pt-br\/wp-json\/wp\/v2\/product"}],"about":[{"href":"https:\/\/saitsa.com.ar\/pt-br\/wp-json\/wp\/v2\/types\/product"}],"replies":[{"embeddable":true,"href":"https:\/\/saitsa.com.ar\/pt-br\/wp-json\/wp\/v2\/comments?post=1003"}],"wp:featuredmedia":[{"embeddable":true,"href":"https:\/\/saitsa.com.ar\/pt-br\/wp-json\/wp\/v2\/media\/2026"}],"wp:attachment":[{"href":"https:\/\/saitsa.com.ar\/pt-br\/wp-json\/wp\/v2\/media?parent=1003"}],"wp:term":[{"taxonomy":"product_brand","embeddable":true,"href":"https:\/\/saitsa.com.ar\/pt-br\/wp-json\/wp\/v2\/product_brand?post=1003"},{"taxonomy":"product_cat","embeddable":true,"href":"https:\/\/saitsa.com.ar\/pt-br\/wp-json\/wp\/v2\/product_cat?post=1003"},{"taxonomy":"product_tag","embeddable":true,"href":"https:\/\/saitsa.com.ar\/pt-br\/wp-json\/wp\/v2\/product_tag?post=1003"}],"curies":[{"name":"wp","href":"https:\/\/api.w.org\/{rel}","templated":true}]}}